{"id":22,"date":"2016-03-12T15:48:22","date_gmt":"2016-03-12T17:48:22","guid":{"rendered":"http:\/\/www.pirmojigimnazija.lt\/biblioteka\/?page_id=22"},"modified":"2025-10-27T11:27:02","modified_gmt":"2025-10-27T13:27:02","slug":"geriausi-skaitytojai","status":"publish","type":"page","link":"https:\/\/www.pirmojigimnazija.lt\/biblioteka\/index.php\/geriausi-skaitytojai\/","title":{"rendered":"Geriausi skaitytojai"},"content":{"rendered":"<div id=\"t3-mainbody\" class=\"container t3-mainbody\">\n<div class=\"row\">\n<p><strong>Konferencijos \u201eGyvenu su knyga\u201c metu paskelbti&nbsp; ir apdovanoti knygomis ir pad\u0117kos ra\u0161tais geriausi 2024-2025 m.m. gimnazijos bibliotekos skaitytojai.<\/strong><\/p>\n<p>Tai mokiniai, kuriems knyga \u2013 ne tik mokymosi priemon\u0117, bet ir malonumas, atradim\u0173 \u0161altinis, geras draugas.<\/p>\n<p><a href=\"http:\/\/www.pirmojigimnazija.lt\/biblioteka\/wp-content\/uploads\/2025\/05\/2-geriausi-skaitytojai.png\"><img loading=\"lazy\" decoding=\"async\" class=\"alignnone wp-image-4928 size-large\" src=\"http:\/\/www.pirmojigimnazija.lt\/biblioteka\/wp-content\/uploads\/2025\/05\/2-geriausi-skaitytojai-1024x576.png\" alt=\"\" width=\"720\" height=\"405\" srcset=\"https:\/\/www.pirmojigimnazija.lt\/biblioteka\/wp-content\/uploads\/2025\/05\/2-geriausi-skaitytojai-1024x576.png 1024w, https:\/\/www.pirmojigimnazija.lt\/biblioteka\/wp-content\/uploads\/2025\/05\/2-geriausi-skaitytojai-300x169.png 300w, https:\/\/www.pirmojigimnazija.lt\/biblioteka\/wp-content\/uploads\/2025\/05\/2-geriausi-skaitytojai-768x432.png 768w, https:\/\/www.pirmojigimnazija.lt\/biblioteka\/wp-content\/uploads\/2025\/05\/2-geriausi-skaitytojai-1536x864.png 1536w, https:\/\/www.pirmojigimnazija.lt\/biblioteka\/wp-content\/uploads\/2025\/05\/2-geriausi-skaitytojai.png 1920w\" sizes=\"(max-width: 720px) 100vw, 720px\" \/><\/a><a href=\"http:\/\/www.pirmojigimnazija.lt\/biblioteka\/wp-content\/uploads\/2025\/05\/3-padekom-apdovanoti.png\"><img loading=\"lazy\" decoding=\"async\" class=\"alignnone wp-image-4929 size-large\" src=\"http:\/\/www.pirmojigimnazija.lt\/biblioteka\/wp-content\/uploads\/2025\/05\/3-padekom-apdovanoti-1024x576.png\" alt=\"\" width=\"720\" height=\"405\" srcset=\"https:\/\/www.pirmojigimnazija.lt\/biblioteka\/wp-content\/uploads\/2025\/05\/3-padekom-apdovanoti-1024x576.png 1024w, https:\/\/www.pirmojigimnazija.lt\/biblioteka\/wp-content\/uploads\/2025\/05\/3-padekom-apdovanoti-300x169.png 300w, https:\/\/www.pirmojigimnazija.lt\/biblioteka\/wp-content\/uploads\/2025\/05\/3-padekom-apdovanoti-768x432.png 768w, https:\/\/www.pirmojigimnazija.lt\/biblioteka\/wp-content\/uploads\/2025\/05\/3-padekom-apdovanoti-1536x864.png 1536w, https:\/\/www.pirmojigimnazija.lt\/biblioteka\/wp-content\/uploads\/2025\/05\/3-padekom-apdovanoti.png 1920w\" sizes=\"(max-width: 720px) 100vw, 720px\" \/><\/a>&nbsp;<\/p>\n<p><a href=\"http:\/\/www.pirmojigimnazija.lt\/biblioteka\/wp-content\/uploads\/2025\/05\/1-klases.png\"><img loading=\"lazy\" decoding=\"async\" class=\"aligncenter wp-image-4927 size-large\" src=\"http:\/\/www.pirmojigimnazija.lt\/biblioteka\/wp-content\/uploads\/2025\/05\/1-klases-1024x576.png\" alt=\"\" width=\"720\" height=\"405\" srcset=\"https:\/\/www.pirmojigimnazija.lt\/biblioteka\/wp-content\/uploads\/2025\/05\/1-klases-1024x576.png 1024w, https:\/\/www.pirmojigimnazija.lt\/biblioteka\/wp-content\/uploads\/2025\/05\/1-klases-300x169.png 300w, https:\/\/www.pirmojigimnazija.lt\/biblioteka\/wp-content\/uploads\/2025\/05\/1-klases-768x432.png 768w, https:\/\/www.pirmojigimnazija.lt\/biblioteka\/wp-content\/uploads\/2025\/05\/1-klases-1536x864.png 1536w, https:\/\/www.pirmojigimnazija.lt\/biblioteka\/wp-content\/uploads\/2025\/05\/1-klases.png 1920w\" sizes=\"(max-width: 720px) 100vw, 720px\" \/><\/a><\/p>\n<hr>\n<p>&nbsp;<\/p>\n<p>&nbsp;<\/p>\n<ul>\n<li><a href=\"https:\/\/www.pirmojigimnazija.lt\/biblioteka\/index.php\/2025\/05\/08\/apdovanojami-geriausi-bibliotekos-skaitytojai-2\/\"><strong>Geriausi gimnazijos bibliotekos skaitytojai&nbsp; 2023-2024 m.m<\/strong><\/a><\/li>\n<\/ul>\n<div id=\"t3-content\" class=\"t3-content col-xs-12\">\n<div class=\"item-page clearfix\">\n<article>\n<section class=\"article-content clearfix\">\n<hr>\n<ul>\n<li><a href=\"https:\/\/www.pirmojigimnazija.lt\/biblioteka\/index.php\/2023\/05\/05\/apdovanojami-geriausi-bibliotekos-skaitytojai\/\"><strong>Geriausi gimnazijos bibliotekos skaitytojai&nbsp; &nbsp;2022-2023m.m&nbsp;<\/strong><\/a><\/li>\n<\/ul>\n<hr>\n<ul>\n<li><strong><a href=\"http:\/\/www.pirmojigimnazija.lt\/biblioteka\/wp-admin\/post.php?post=3275&amp;action=edit\">Geriausi gimnazijos bibliotekos skaitytojai&nbsp; 2021-2022 m.m<\/a><\/strong><\/li>\n<\/ul>\n<\/section>\n<\/article>\n<\/div>\n<\/div>\n<\/div>\n<\/div>\n<div class=\"wrap t3-sl t3-sl-2\">\n<div class=\"container\">\n<div class=\"t3-spotlight t3-spotlight-2 row\">\n<div class=\" col-lg-3 col-md-3 col-sm-3 col-xs-6\">\n<hr>\n<\/div>\n<\/div>\n<\/div>\n<\/div>\n<ul>\n<li style=\"text-align: left;\"><strong><strong><a href=\"http:\/\/www.pirmojigimnazija.lt\/biblioteka\/index.php\/2021\/05\/06\/geriausi-skaitytojai\/\">Geriausi gimnazijos bibliotekos skaitytojai&nbsp; 2019-2020 m.m&nbsp; <\/a>&nbsp; &nbsp; &nbsp; &nbsp; &nbsp; &nbsp; &nbsp; &nbsp; &nbsp; &nbsp; &nbsp; &nbsp; &nbsp; &nbsp; &nbsp; &nbsp; &nbsp; &nbsp; &nbsp; &nbsp; &nbsp; &nbsp; &nbsp; &nbsp; &nbsp; &nbsp; &nbsp; &nbsp; &nbsp; &nbsp; &nbsp; &nbsp; &nbsp; &nbsp; &nbsp; &nbsp; &nbsp; &nbsp; &nbsp; &nbsp; &nbsp; &nbsp; &nbsp; &nbsp; &nbsp; &nbsp; &nbsp; &nbsp; &nbsp; &nbsp; &nbsp; &nbsp; &nbsp; &nbsp; &nbsp; &nbsp; &nbsp; &nbsp; &nbsp; &nbsp; &nbsp; &nbsp; &nbsp; &nbsp; &nbsp; &nbsp; &nbsp; &nbsp;<\/strong><\/strong><br \/>\n<hr>\n<\/li>\n<li><a href=\"http:\/\/www.pirmojigimnazija.lt\/biblioteka\/index.php\/2019\/06\/18\/apdovanojami-uz-gera-skaityma\/\"><strong>Apdovanojami geriausi gimnazijos bibliotekos skaitytojai&nbsp; 2018-19 m.m<\/strong><\/a><\/li>\n<li><strong><a href=\"http:\/\/www.pirmojigimnazija.lt\/biblioteka\/index.php\/2019\/03\/12\/geriausi-gimnazijos-bibliotekos-skaitytojai-2018-19-m-m\/\">Geriausi gimnazijos bibliotekos skaitytojai&nbsp; 2018-19 m.<\/a><a href=\"http:\/\/www.pirmojigimnazija.lt\/biblioteka\/index.php\/2019\/03\/12\/geriausi-gimnazijos-bibliotekos-skaitytojai-2018-19-m-m\/\">m<\/a><\/strong><\/li>\n<\/ul>\n<hr>\n<ul>\n<li><strong><a href=\"http:\/\/www.pirmojigimnazija.lt\/biblioteka\/index.php\/2018\/06\/18\/apdovanojami-geriausi-skaitytojai\/\">Apdovanojami geriausi&nbsp;gimnazijos bibliotekos skaitytojai 2017- 18 m.m<\/a><\/strong><\/li>\n<\/ul>\n<hr>\n<ul>\n<li><strong><a href=\"http:\/\/www.pirmojigimnazija.lt\/biblioteka\/index.php\/2017\/06\/\">A<\/a><a href=\"http:\/\/www.pirmojigimnazija.lt\/biblioteka\/index.php\/2017\/06\/\">pdovanojami geriausi gimnazijos bibliotekos skaitytojai 2016 -2017 m.m<\/a><\/strong><\/li>\n<\/ul>\n<hr>\n<h3 style=\"text-align: center;\"><em>D\u017eiaugiam\u0117s tur\u0117dami tok\u012f b\u016br\u012f knyg\u0173 myl\u0117toj\u0173 gimnazijos bibliotekoje.<\/em><\/h3>\n","protected":false},"excerpt":{"rendered":"<p>Konferencijos \u201eGyvenu su knyga\u201c metu paskelbti&nbsp; ir apdovanoti knygomis ir pad\u0117kos ra\u0161tais geriausi 2024-2025 m.m. gimnazijos bibliotekos skaitytojai. Tai mokiniai, kuriems knyga \u2013 ne tik mokymosi priemon\u0117, bet ir malonumas, atradim\u0173 \u0161altinis, geras draugas. &nbsp; &nbsp; &nbsp; Geriausi gimnazijos bibliotekos<\/p>\n","protected":false},"author":1,"featured_media":4072,"parent":0,"menu_order":0,"comment_status":"closed","ping_status":"closed","template":"","meta":{"ngg_post_thumbnail":0,"footnotes":""},"_links":{"self":[{"href":"https:\/\/www.pirmojigimnazija.lt\/biblioteka\/index.php\/wp-json\/wp\/v2\/pages\/22"}],"collection":[{"href":"https:\/\/www.pirmojigimnazija.lt\/biblioteka\/index.php\/wp-json\/wp\/v2\/pages"}],"about":[{"href":"https:\/\/www.pirmojigimnazija.lt\/biblioteka\/index.php\/wp-json\/wp\/v2\/types\/page"}],"author":[{"embeddable":true,"href":"https:\/\/www.pirmojigimnazija.lt\/biblioteka\/index.php\/wp-json\/wp\/v2\/users\/1"}],"replies":[{"embeddable":true,"href":"https:\/\/www.pirmojigimnazija.lt\/biblioteka\/index.php\/wp-json\/wp\/v2\/comments?post=22"}],"version-history":[{"count":78,"href":"https:\/\/www.pirmojigimnazija.lt\/biblioteka\/index.php\/wp-json\/wp\/v2\/pages\/22\/revisions"}],"predecessor-version":[{"id":5021,"href":"https:\/\/www.pirmojigimnazija.lt\/biblioteka\/index.php\/wp-json\/wp\/v2\/pages\/22\/revisions\/5021"}],"wp:featuredmedia":[{"embeddable":true,"href":"https:\/\/www.pirmojigimnazija.lt\/biblioteka\/index.php\/wp-json\/wp\/v2\/media\/4072"}],"wp:attachment":[{"href":"https:\/\/www.pirmojigimnazija.lt\/biblioteka\/index.php\/wp-json\/wp\/v2\/media?parent=22"}],"curies":[{"name":"wp","href":"https:\/\/api.w.org\/{rel}","templated":true}]}}