{"id":16,"date":"2016-03-12T15:41:59","date_gmt":"2016-03-12T17:41:59","guid":{"rendered":"http:\/\/www.pirmojigimnazija.lt\/biblioteka\/?page_id=16"},"modified":"2024-04-26T08:17:47","modified_gmt":"2024-04-26T10:17:47","slug":"naujos-knygos","status":"publish","type":"page","link":"https:\/\/www.pirmojigimnazija.lt\/biblioteka\/index.php\/naujos-knygos\/","title":{"rendered":"Naujos knygos"},"content":{"rendered":"<div id=\"art-main\">\n<div class=\"art-sheet clearfix\">\n<div class=\"art-layout-wrapper\">\n<div class=\"art-content-layout\">\n<div class=\"art-content-layout-row\">\n<div class=\"art-layout-cell art-content\">\n<article class=\"art-post\">\n<div class=\"art-postcontent clearfix\">&nbsp;<\/div>\n<\/article>\n<\/div>\n<\/div>\n<\/div>\n<\/div>\n<\/div>\n<\/div>\n<div class=\"item-page\">\n<div class=\"item-page\">\n<p style=\"text-align: center;\"><strong>Kvie\u010diame skaityti<\/strong><\/p>\n<\/div>\n<\/div>\n<p>&nbsp;<\/p>\n<p><strong><span style=\"vertical-align: inherit;\"><span style=\"vertical-align: inherit;\">2023 m.<\/span><\/span><\/strong><\/p>\n<p>&nbsp;<\/p>\nngg_shortcode_0_placeholder\n<div class=\"item-page\">\n<div class=\"item-page\">\n<hr>\n<\/div>\n<p><strong><span style=\"vertical-align: inherit;\"><span style=\"vertical-align: inherit;\">2022 m.<\/span><\/span><\/strong><\/p>\n<\/div>\n<ul>\n<li style=\"text-align: left;\"><em><strong>Naujos knygos jaunimui<\/strong><\/em><\/li>\n<\/ul>\n<p>Gimnazijos bibliotekoje gauta net 31 egz. knyg\u0173 skirt\u0173 jaunimui. Kvie\u010diame susipa\u017einti &nbsp; \u2192 <strong><a href=\"https:\/\/photos.app.goo.gl\/kBS8iL5x5s3uu9oV9\">\u010dia<\/a><\/strong><\/p>\n<p><a href=\"http:\/\/www.pirmojigimnazija.lt\/biblioteka\/wp-content\/uploads\/2022\/01\/tituli.jpg\"><img loading=\"lazy\" decoding=\"async\" class=\" wp-image-3042 aligncenter\" src=\"http:\/\/www.pirmojigimnazija.lt\/biblioteka\/wp-content\/uploads\/2022\/01\/tituli-300x169.jpg\" alt=\"\" width=\"424\" height=\"239\" srcset=\"https:\/\/www.pirmojigimnazija.lt\/biblioteka\/wp-content\/uploads\/2022\/01\/tituli-300x169.jpg 300w, https:\/\/www.pirmojigimnazija.lt\/biblioteka\/wp-content\/uploads\/2022\/01\/tituli-1024x576.jpg 1024w, https:\/\/www.pirmojigimnazija.lt\/biblioteka\/wp-content\/uploads\/2022\/01\/tituli-768x432.jpg 768w, https:\/\/www.pirmojigimnazija.lt\/biblioteka\/wp-content\/uploads\/2022\/01\/tituli.jpg 1280w\" sizes=\"(max-width: 424px) 100vw, 424px\" \/><\/a><\/p>\n<hr>\n<p><strong><span style=\"vertical-align: inherit;\"><span style=\"vertical-align: inherit;\">2019m.<\/span><\/span><\/strong><\/p>\n<div style=\"width: 720px;\" class=\"wp-video\"><!--[if lt IE 9]><script>document.createElement('video');<\/script><![endif]-->\n<video class=\"wp-video-shortcode\" id=\"video-16-1\" width=\"720\" height=\"405\" preload=\"metadata\" controls=\"controls\"><source type=\"video\/mp4\" src=\"http:\/\/www.pirmojigimnazija.lt\/biblioteka\/wp-content\/uploads\/2016\/03\/output_ST3Xud-1.mp4?_=1\" \/><a href=\"http:\/\/www.pirmojigimnazija.lt\/biblioteka\/wp-content\/uploads\/2016\/03\/output_ST3Xud-1.mp4\">http:\/\/www.pirmojigimnazija.lt\/biblioteka\/wp-content\/uploads\/2016\/03\/output_ST3Xud-1.mp4<\/a><\/video><\/div>\n<div class=\"item-page\">\n<p style=\"text-align: center;\">&nbsp;<\/p>\n<\/div>\n<div style=\"width: 720px;\" class=\"wp-video\"><video class=\"wp-video-shortcode\" id=\"video-16-2\" width=\"720\" height=\"404\" preload=\"metadata\" controls=\"controls\"><source type=\"video\/mp4\" src=\"http:\/\/www.pirmojigimnazija.lt\/biblioteka\/wp-content\/uploads\/2016\/03\/naujos-knygos19ruduo.mp4?_=2\" \/><a href=\"http:\/\/www.pirmojigimnazija.lt\/biblioteka\/wp-content\/uploads\/2016\/03\/naujos-knygos19ruduo.mp4\">http:\/\/www.pirmojigimnazija.lt\/biblioteka\/wp-content\/uploads\/2016\/03\/naujos-knygos19ruduo.mp4<\/a><\/video><\/div>\n<div class=\"item-page\">&nbsp;<\/div>\n<div style=\"width: 720px;\" class=\"wp-video\"><video class=\"wp-video-shortcode\" id=\"video-16-3\" width=\"720\" height=\"405\" preload=\"metadata\" controls=\"controls\"><source type=\"video\/mp4\" src=\"http:\/\/www.pirmojigimnazija.lt\/biblioteka\/wp-content\/uploads\/2016\/03\/output_vXep1N.mp4?_=3\" \/><a href=\"http:\/\/www.pirmojigimnazija.lt\/biblioteka\/wp-content\/uploads\/2016\/03\/output_vXep1N.mp4\">http:\/\/www.pirmojigimnazija.lt\/biblioteka\/wp-content\/uploads\/2016\/03\/output_vXep1N.mp4<\/a><\/video><\/div>\n<hr>\n<p style=\"text-align: left;\"><strong>2018 metai&nbsp;&nbsp;<\/strong><\/p>\n<div style=\"width: 720px;\" class=\"wp-video\"><video class=\"wp-video-shortcode\" id=\"video-16-4\" width=\"720\" height=\"405\" preload=\"metadata\" controls=\"controls\"><source type=\"video\/mp4\" src=\"http:\/\/www.pirmojigimnazija.lt\/biblioteka\/wp-content\/uploads\/2016\/03\/output_EfgGZO.mp4?_=4\" \/><a href=\"http:\/\/www.pirmojigimnazija.lt\/biblioteka\/wp-content\/uploads\/2016\/03\/output_EfgGZO.mp4\">http:\/\/www.pirmojigimnazija.lt\/biblioteka\/wp-content\/uploads\/2016\/03\/output_EfgGZO.mp4<\/a><\/video><\/div>\n","protected":false},"excerpt":{"rendered":"<p>&nbsp; Kvie\u010diame skaityti &nbsp; 2023 m. &nbsp; &nbsp; 2022 m. Naujos knygos jaunimui Gimnazijos bibliotekoje gauta net 31 egz. knyg\u0173 skirt\u0173 jaunimui. Kvie\u010diame susipa\u017einti &nbsp; \u2192 \u010dia 2019m. &nbsp; &nbsp; 2018 metai&nbsp;&nbsp;<\/p>\n","protected":false},"author":1,"featured_media":0,"parent":0,"menu_order":0,"comment_status":"closed","ping_status":"closed","template":"","meta":{"ngg_post_thumbnail":0,"footnotes":""},"_links":{"self":[{"href":"https:\/\/www.pirmojigimnazija.lt\/biblioteka\/index.php\/wp-json\/wp\/v2\/pages\/16"}],"collection":[{"href":"https:\/\/www.pirmojigimnazija.lt\/biblioteka\/index.php\/wp-json\/wp\/v2\/pages"}],"about":[{"href":"https:\/\/www.pirmojigimnazija.lt\/biblioteka\/index.php\/wp-json\/wp\/v2\/types\/page"}],"author":[{"embeddable":true,"href":"https:\/\/www.pirmojigimnazija.lt\/biblioteka\/index.php\/wp-json\/wp\/v2\/users\/1"}],"replies":[{"embeddable":true,"href":"https:\/\/www.pirmojigimnazija.lt\/biblioteka\/index.php\/wp-json\/wp\/v2\/comments?post=16"}],"version-history":[{"count":81,"href":"https:\/\/www.pirmojigimnazija.lt\/biblioteka\/index.php\/wp-json\/wp\/v2\/pages\/16\/revisions"}],"predecessor-version":[{"id":4574,"href":"https:\/\/www.pirmojigimnazija.lt\/biblioteka\/index.php\/wp-json\/wp\/v2\/pages\/16\/revisions\/4574"}],"wp:attachment":[{"href":"https:\/\/www.pirmojigimnazija.lt\/biblioteka\/index.php\/wp-json\/wp\/v2\/media?parent=16"}],"curies":[{"name":"wp","href":"https:\/\/api.w.org\/{rel}","templated":true}]}}