{"id":14,"date":"2016-03-12T15:31:23","date_gmt":"2016-03-12T17:31:23","guid":{"rendered":"http:\/\/www.pirmojigimnazija.lt\/biblioteka\/?page_id=14"},"modified":"2025-11-13T09:14:35","modified_gmt":"2025-11-13T11:14:35","slug":"apie-mus","status":"publish","type":"page","link":"http:\/\/www.pirmojigimnazija.lt\/biblioteka\/index.php\/apie-mus\/","title":{"rendered":"Apie mus"},"content":{"rendered":"\r\n<div class=\"wp-block-group alignfull has-text-color has-background is-layout-flow wp-block-group-is-layout-flow\" style=\"color: #000000; background-color: #ffffff;\"><div class=\"wp-block-group__inner-container\">ngg_shortcode_0_placeholder\r\n<h2 class=\"wp-block-heading\">Mokyklos biblioteka &#8211; viena i\u0161 ugdymo grand\u017ei\u0173<\/h2>\r\n<p><strong><em>Gimnazijos\u00a0bibliotekos\u00a0 veikla siekiama aktyviai \u00a0dalyvauti ugdymo procese, teikti\u00a0 kokybi\u0161kas paslaugas, skatinti skaitym\u0105, \u00a0ugdyti\u00a0 gimnazist\u0173 kult\u016brinius, \u00a0socialinius, \u00a0pa\u017eintinius, emocinius, vertybinius \u00a0ir savirai\u0161kos \u012fg\u016bd\u017eius. \u00a0<\/em><\/strong><\/p>\r\n<ul>\r\n<li>\u0160iuo metu gimnazijos biblioteka naudojasi apie 393 gimnazistai\u00a0 ir 50 mokytoj\u0173.<\/li>\r\n<li>Kasdien bibliotek\u0105 aplanko vidutini\u0161kai\u00a090 lankytoj\u0173 ir apie\u00a030 skaitytoj\u0173.<\/li>\r\n<li>Skaitytoj\u0173 aptarnavimo kokyb\u0119, informacijos paie\u0161k\u0105 pagerino gimnazijoje\u00a0\u012fdiegta informacin\u0117 sistema <strong><a href=\"http:\/\/www.pirmojigimnazija.lt\/biblioteka\/index.php\/2016\/04\/19\/bibliotekoje-idiegta-mokyklu-biblioteku-informacine-sistema-mobis\/\">MOBIS<\/a><\/strong><\/li>\r\n<li>D\u017eiaugiam\u0117s sukaup\u0119 per 17000\u00a0 knyg\u0173 ir per 11000 mokyklini\u0173 vadov\u0117li\u0173 fond\u0105 .Knyg\u0173 fondas du kartus metuose papildomas<strong><a href=\"http:\/\/www.pirmojigimnazija.lt\/biblioteka\/index.php\/naujos-knygos\/\"> naujomis knygomis<\/a>.<\/strong> 2024 m. \u012fsigyta 98 gro\u017ein\u0117s literat\u016bros knyg\u0173 . Vykdomi knyg\u0173 paklausos ir pasi\u016blos, knyg\u0173 populiarumo tyrimai<\/li>\r\n<li>2024 m. gimnazijos bibliotekoje i\u0161duota \u012f namus 10884 egz. knyg\u0173.<\/li>\r\n<li>Skaitykloje gimnazistams yra skirtos 4 kompiuterizuotos darbo vietos.<\/li>\r\n<li>Gimnazistai bibliotekoje turi erdv\u0119 ir galimyb\u0119 eksponuoti ir pristatyti bendruomenei savo \u00a0k\u016bryb\u0105 bibliotekos paveiksl\u0173 galerijoje .<\/li>\r\n<li>Biblioteka turi savo internetin\u0119 svetain\u0119, joje skelbiamos ir nuolat pildomos bibliotekos naujienos, virtuali gimnazist\u0173 k\u016brybos darb\u0173 <strong><a href=\"http:\/\/www.pirmojigimnazija.lt\/biblioteka\/index.php\/galerija\/\">\u00a0galerija\u00a0 <\/a><\/strong>pristatomos \u012fsigytos naujos knygos, gausu rekomendacij\u0173 .<\/li>\r\n<li>Bibliotekoje per 2024 metus \u012fvyko 33 renginys.\u00a0 I\u0161 j\u0173 25 parodos ir j\u0173 pristatymai. 7 i\u0161 j\u0173\u00a0 virtualios parodos . Vyksta\u00a0 \u012fvairios akcijos, bibliografiniai u\u017esi\u0117mimai.<\/li>\r\n<li>Vykdomi \u012fvair\u016bs tyrimai, apklausos. Stebimas mokini\u0173 skaitomumas. \u00a0Ataskaitos pateikiamos mokytojams.<\/li>\r\n<li>Bibliotekoje teikiamos kopijavimo ir spausdinimo paslaugos.<\/li>\r\n<li>Skaitytojams si\u016bloma naudotis elektroniniu bibliotekos katalogu.\u00a0 <em><strong><a href=\"https:\/\/www.imobis.lt\/app\/mobis\/pirmoji-silute\">U\u017eeik \u012f savo bibliotek\u0105 \u2013 atverdamas elektronin\u012f katalog\u0105 !\u00a0\u00a0<\/a><\/strong><\/em><em><strong><a href=\"http:\/\/www.pirmojigimnazija.lt\/biblioteka\/wp-content\/uploads\/2023\/02\/Silutes-pirmosios-gimnazijos-bibliotekos-elektroninis-katalogas-1.png\"><img loading=\"lazy\" decoding=\"async\" class=\"alignnone wp-image-3431 size-medium\" src=\"http:\/\/www.pirmojigimnazija.lt\/biblioteka\/wp-content\/uploads\/2023\/02\/Silutes-pirmosios-gimnazijos-bibliotekos-elektroninis-katalogas-1-300x213.png\" alt=\"\" width=\"300\" height=\"213\" srcset=\"http:\/\/www.pirmojigimnazija.lt\/biblioteka\/wp-content\/uploads\/2023\/02\/Silutes-pirmosios-gimnazijos-bibliotekos-elektroninis-katalogas-1-300x213.png 300w, http:\/\/www.pirmojigimnazija.lt\/biblioteka\/wp-content\/uploads\/2023\/02\/Silutes-pirmosios-gimnazijos-bibliotekos-elektroninis-katalogas-1-1024x726.png 1024w, http:\/\/www.pirmojigimnazija.lt\/biblioteka\/wp-content\/uploads\/2023\/02\/Silutes-pirmosios-gimnazijos-bibliotekos-elektroninis-katalogas-1-768x545.png 768w, http:\/\/www.pirmojigimnazija.lt\/biblioteka\/wp-content\/uploads\/2023\/02\/Silutes-pirmosios-gimnazijos-bibliotekos-elektroninis-katalogas-1-1536x1090.png 1536w, http:\/\/www.pirmojigimnazija.lt\/biblioteka\/wp-content\/uploads\/2023\/02\/Silutes-pirmosios-gimnazijos-bibliotekos-elektroninis-katalogas-1.png 1748w\" sizes=\"(max-width: 300px) 100vw, 300px\" \/><\/a><\/strong><\/em><\/li>\r\n<\/ul>\r\n<\/div><\/div>\r\n<p>&nbsp;<\/p>\r\n<p>Bibliotekos darbuotojai:<strong> Laima Rasa\u00a0 Jablonskyt\u0117, Giedr\u0117 Jocien\u0117<\/strong><\/p>\r\n","protected":false},"excerpt":{"rendered":"<p>Mokyklos biblioteka &#8211; viena i\u0161 ugdymo grand\u017ei\u0173 Gimnazijos\u00a0bibliotekos\u00a0 veikla siekiama aktyviai \u00a0dalyvauti ugdymo procese, teikti\u00a0 kokybi\u0161kas paslaugas, skatinti skaitym\u0105, \u00a0ugdyti\u00a0 gimnazist\u0173 kult\u016brinius, \u00a0socialinius, \u00a0pa\u017eintinius, emocinius, vertybinius \u00a0ir savirai\u0161kos \u012fg\u016bd\u017eius. \u00a0 \u0160iuo metu gimnazijos biblioteka naudojasi apie 393 gimnazistai\u00a0 ir 50<\/p>\n","protected":false},"author":1,"featured_media":0,"parent":0,"menu_order":0,"comment_status":"closed","ping_status":"closed","template":"","meta":{"ngg_post_thumbnail":0,"footnotes":""},"_links":{"self":[{"href":"http:\/\/www.pirmojigimnazija.lt\/biblioteka\/index.php\/wp-json\/wp\/v2\/pages\/14"}],"collection":[{"href":"http:\/\/www.pirmojigimnazija.lt\/biblioteka\/index.php\/wp-json\/wp\/v2\/pages"}],"about":[{"href":"http:\/\/www.pirmojigimnazija.lt\/biblioteka\/index.php\/wp-json\/wp\/v2\/types\/page"}],"author":[{"embeddable":true,"href":"http:\/\/www.pirmojigimnazija.lt\/biblioteka\/index.php\/wp-json\/wp\/v2\/users\/1"}],"replies":[{"embeddable":true,"href":"http:\/\/www.pirmojigimnazija.lt\/biblioteka\/index.php\/wp-json\/wp\/v2\/comments?post=14"}],"version-history":[{"count":119,"href":"http:\/\/www.pirmojigimnazija.lt\/biblioteka\/index.php\/wp-json\/wp\/v2\/pages\/14\/revisions"}],"predecessor-version":[{"id":4272,"href":"http:\/\/www.pirmojigimnazija.lt\/biblioteka\/index.php\/wp-json\/wp\/v2\/pages\/14\/revisions\/4272"}],"wp:attachment":[{"href":"http:\/\/www.pirmojigimnazija.lt\/biblioteka\/index.php\/wp-json\/wp\/v2\/media?parent=14"}],"curies":[{"name":"wp","href":"https:\/\/api.w.org\/{rel}","templated":true}]}}